{"id":79,"date":"2019-11-06T21:23:26","date_gmt":"2019-11-06T21:23:26","guid":{"rendered":"http:\/\/mytcabogados.com\/?page_id=79"},"modified":"2026-01-23T19:04:54","modified_gmt":"2026-01-23T19:04:54","slug":"nosotros","status":"publish","type":"page","link":"https:\/\/mytcabogados.com\/index.php\/nosotros\/","title":{"rendered":"NOSOTROS"},"content":{"rendered":"<p>[vc_row full_width=\u00bbstretch_row\u00bb bg_position=\u00bbbottom\u00bb css=\u00bb.vc_custom_1573075434302{padding-top: 150px !important;padding-bottom: 150px !important;background-image: url(http:\/\/mytcabogados.com\/wp-content\/uploads\/2019\/11\/NOSOTROS.jpg?id=80) !important;}\u00bb][vc_column][vc_column_text]<\/p>\n<h2><span style=\"color: #d8cd80;\"><strong>EFICACIA<\/strong><\/span><br \/>\n<span style=\"color: #ffffff;\">A SU SERVICIO<\/span><\/h2>\n<p>[\/vc_column_text][\/vc_column][\/vc_row][vc_row css=\u00bb.vc_custom_1573077773186{padding-right: 120px !important;padding-left: 120px !important;}\u00bb][vc_column][vc_column_text][\/vc_column_text][vc_column_text]<\/p>\n<h2 style=\"text-align: center;\"><span style=\"color: #d8cd80;\"><strong>EXPERIENCIA GARANTIZADA<\/strong><\/span><\/h2>\n<p style=\"margin: 0cm; margin-bottom: .0001pt; text-align: center;\" align=\"center\"><span style=\"font-family: 'Arial','sans-serif'; color: #2d392f; letter-spacing: .75pt;\">Contamos con un grupo de profesionales del derecho formados por nuestra firma y nutridos de los principales valores que nos representan.<\/span><\/p>\n<p>[\/vc_column_text][\/vc_column][\/vc_row][vc_row css=\u00bb.vc_custom_1573077773186{padding-right: 120px !important;padding-left: 120px !important;}\u00bb][vc_column]<div id='rb_image_69d43c303e6ed' class='rb_image_module background_no_hover' ><div class=\"main_image\"><img decoding=\"async\" class=\"image\" src=\"https:\/\/mytcabogados.com\/wp-content\/uploads\/2019\/11\/abogados-2.jpg\" alt=\"\" \/><\/div><\/div>[\/vc_column][\/vc_row][vc_row full_width=\u00bbstretch_row\u00bb css=\u00bb.vc_custom_1573077735189{margin-top: -100px !important;padding-top: 100px !important;padding-bottom: 100px !important;background-color: #000000 !important;}\u00bb][vc_column width=\u00bb1\/3&#8243;][\/vc_column][vc_column width=\u00bb1\/3&#8243; css=\u00bb.vc_custom_1573078726787{padding-left: 80px !important;}\u00bb][vc_column_text]<\/p>\n<h3><span style=\"color: #d8cd80;\">MISI\u00d3N<\/span><\/h3>\n<p>[\/vc_column_text][\/vc_column][vc_column width=\u00bb1\/3&#8243;][vc_column_text]<\/p>\n<p style=\"text-align: justify;\"><span style=\"color: #ffffff;\">Desde nuestra creaci\u00f3n nos hemos enfocado en brindar asesor\u00eda en el marco de proveer soluciones concretas, sin dilaciones innecesarias y que representen una satisfacci\u00f3n plena y oportuna del inter\u00e9s comprometido por el cliente.<\/span><\/p>\n<p>[\/vc_column_text][\/vc_column][\/vc_row][vc_row full_width=\u00bbstretch_row\u00bb css=\u00bb.vc_custom_1573077735189{margin-top: -100px !important;padding-top: 100px !important;padding-bottom: 100px !important;background-color: #000000 !important;}\u00bb][vc_column width=\u00bb1\/3&#8243;][\/vc_column][vc_column width=\u00bb1\/3&#8243; css=\u00bb.vc_custom_1573078732376{padding-left: 80px !important;}\u00bb][vc_column_text]<\/p>\n<h3><span style=\"color: #d8cd80;\">VISI\u00d3N<\/span><\/h3>\n<p>[\/vc_column_text][\/vc_column][vc_column width=\u00bb1\/3&#8243;][vc_column_text]<\/p>\n<p style=\"text-align: justify;\"><span style=\"color: #ffffff;\">Trabajamos por mantener el prestigio ganado en nuestro ejercicio profesional y en ser considerados por nuestros clientes como una firma con la cual se puede establecer una relaci\u00f3n de confianza, y que defender\u00e1 a lo largo de toda su vinculaci\u00f3n sus intereses con perseverancia.<\/span><\/p>\n<p>[\/vc_column_text][\/vc_column][\/vc_row][vc_row css=\u00bb.vc_custom_1573079291326{padding-top: 60px !important;padding-bottom: 60px !important;}\u00bb][vc_column width=\u00bb1\/2&#8243;][vc_column_text]<\/p>\n<h5><strong>VALORES<br \/>\n<\/strong><\/h5>\n<p>[\/vc_column_text][vc_column_text]<\/p>\n<h2><span style=\"color: #d8cd80;\">COMPROMISO Y<br \/>\n<\/span><strong>TRANSPARENCIA<\/strong><\/h2>\n<p style=\"text-align: justify;\">Garantizar una adecuada y oportuna asesor\u00eda legal, fundamentada en la consistente formaci\u00f3n personal, acad\u00e9mica y profesional de nuestros abogados, as\u00ed como en la transparencia de sus acciones. Nos resulta trascendental no generar expectativas cuando no exista fundamento razonable para ello, y trabajar siempre con absoluta determinaci\u00f3n para alcanzar los fines para los cuales se nos ha elegido.<\/p>\n<p><a href=\"http:\/\/mytcabogados.com\/index.php\/staff-profesional\/\">VER STAFF &gt;&gt;<\/a>[\/vc_column_text][\/vc_column][vc_column width=\u00bb1\/2&#8243;][vc_single_image image=\u00bb110&#8243; img_size=\u00bb500&#215;610&#8243;][\/vc_column][\/vc_row][vc_row][vc_column][vc_column_text]<\/p>\n<h2 style=\"text-align: center;\"><strong>CLIENTES<\/strong><\/h2>\n<p>[\/vc_column_text][vc_images_carousel images=\u00bb470,481,482,479,480,478,477,476,475,474,473,472,471,468,469&#8243; img_size=\u00bbfull\u00bb onclick=\u00bblink_no\u00bb slides_per_view=\u00bb5&#8243; autoplay=\u00bbyes\u00bb hide_pagination_control=\u00bbyes\u00bb wrap=\u00bbyes\u00bb][\/vc_column][\/vc_row]<\/p>\n","protected":false},"excerpt":{"rendered":"<p>[vc_row full_width=\u00bbstretch_row\u00bb bg_position=\u00bbbottom\u00bb css=\u00bb.vc_custom_1573075434302{padding-top: 150px !important;padding-bottom: 150px !important;background-image: url(http:\/\/mytcabogados.com\/wp-content\/uploads\/2019\/11\/NOSOTROS.jpg?id=80) !important;}\u00bb][vc_column][vc_column_text] EFICACIA A SU SERVICIO [\/vc_column_text][\/vc_column][\/vc_row][vc_row css=\u00bb.vc_custom_1573077773186{padding-right: 120px !important;padding-left: 120px !important;}\u00bb][vc_column][vc_column_text][\/vc_column_text][vc_column_text] EXPERIENCIA GARANTIZADA Contamos con un grupo de profesionales del derecho formados por nuestra firma y nutridos de los principales valores que nos representan. [\/vc_column_text][\/vc_column][\/vc_row][vc_row css=\u00bb.vc_custom_1573077773186{padding-right: 120px !important;padding-left: 120px !important;}\u00bb][vc_column][\/vc_column][\/vc_row][vc_row full_width=\u00bbstretch_row\u00bb css=\u00bb.vc_custom_1573077735189{margin-top: -100px !important;padding-top: 100px !important;padding-bottom: [&hellip;]<\/p>\n","protected":false},"author":1,"featured_media":0,"parent":0,"menu_order":0,"comment_status":"closed","ping_status":"closed","template":"","meta":{"footnotes":""},"class_list":["post-79","page","type-page","status-publish","hentry"],"_links":{"self":[{"href":"https:\/\/mytcabogados.com\/index.php\/wp-json\/wp\/v2\/pages\/79","targetHints":{"allow":["GET"]}}],"collection":[{"href":"https:\/\/mytcabogados.com\/index.php\/wp-json\/wp\/v2\/pages"}],"about":[{"href":"https:\/\/mytcabogados.com\/index.php\/wp-json\/wp\/v2\/types\/page"}],"author":[{"embeddable":true,"href":"https:\/\/mytcabogados.com\/index.php\/wp-json\/wp\/v2\/users\/1"}],"replies":[{"embeddable":true,"href":"https:\/\/mytcabogados.com\/index.php\/wp-json\/wp\/v2\/comments?post=79"}],"version-history":[{"count":51,"href":"https:\/\/mytcabogados.com\/index.php\/wp-json\/wp\/v2\/pages\/79\/revisions"}],"predecessor-version":[{"id":559,"href":"https:\/\/mytcabogados.com\/index.php\/wp-json\/wp\/v2\/pages\/79\/revisions\/559"}],"wp:attachment":[{"href":"https:\/\/mytcabogados.com\/index.php\/wp-json\/wp\/v2\/media?parent=79"}],"curies":[{"name":"wp","href":"https:\/\/api.w.org\/{rel}","templated":true}]}}