{"id":208,"date":"2020-05-05T01:27:31","date_gmt":"2020-05-05T01:27:31","guid":{"rendered":"http:\/\/mytcabogados.com\/?page_id=208"},"modified":"2026-01-23T18:53:28","modified_gmt":"2026-01-23T18:53:28","slug":"staff-profesional","status":"publish","type":"page","link":"https:\/\/mytcabogados.com\/index.php\/staff-profesional\/","title":{"rendered":"STAFF PROFESIONAL"},"content":{"rendered":"<p>[vc_row][vc_column]\n\t\t\t<!-- START Slider 2 REVOLUTION SLIDER 6.1.2 --><p class=\"rs-p-wp-fix\"><\/p>\n\t\t\t<rs-module-wrap id=\"rev_slider_2_1_wrapper\" data-source=\"gallery\" style=\"background:transparent;padding:0;margin:0px auto;margin-top:0;margin-bottom:0;\">\n\t\t\t\t<rs-module id=\"rev_slider_2_1\" style=\"display:none;\" data-version=\"6.1.2\">\n\t\t\t\t\t<rs-slides>\n\t\t\t\t\t\t<rs-slide data-key=\"rs-4\" data-title=\"Slide\" data-thumb=\"\/\/mytcabogados.com\/wp-content\/uploads\/2019\/11\/SOCIOS-50x100.jpg\" data-anim=\"ei:d;eo:d;s:1000;r:0;t:fade;sl:0;\">\n\t\t\t\t\t\t\t<img fetchpriority=\"high\" decoding=\"async\" src=\"\/\/mytcabogados.com\/wp-content\/uploads\/2019\/11\/SOCIOS.jpg\" title=\"SOCIOS\" width=\"1592\" height=\"500\" class=\"rev-slidebg\" data-no-retina>\n<!--\n\t\t\t\t\t\t\t--><rs-layer\n\t\t\t\t\t\t\t\tid=\"slider-2-slide-4-layer-1\" \n\t\t\t\t\t\t\t\tdata-type=\"image\"\n\t\t\t\t\t\t\t\tdata-rsp_ch=\"on\"\n\t\t\t\t\t\t\t\tdata-xy=\"x:118px;y:b;\"\n\t\t\t\t\t\t\t\tdata-text=\"w:normal;\"\n\t\t\t\t\t\t\t\tdata-dim=\"w:329px;h:457px;\"\n\t\t\t\t\t\t\t\tdata-frame_1=\"st:700;sR:700;\"\n\t\t\t\t\t\t\t\tdata-frame_999=\"o:0;st:w;sR:3000;\"\n\t\t\t\t\t\t\t\tstyle=\"z-index:12;font-family:Roboto;\"\n\t\t\t\t\t\t\t><img decoding=\"async\" src=\"\/\/mytcabogados.com\/wp-content\/uploads\/2019\/11\/2raul-martines-senior.png\" width=\"329\" height=\"457\" data-no-retina> \n\t\t\t\t\t\t\t<\/rs-layer><!--\n\n\t\t\t\t\t\t\t--><rs-layer\n\t\t\t\t\t\t\t\tid=\"slider-2-slide-4-layer-3\" \n\t\t\t\t\t\t\t\tdata-type=\"text\"\n\t\t\t\t\t\t\t\tdata-color=\"#ffffff\"\n\t\t\t\t\t\t\t\tdata-rsp_ch=\"on\"\n\t\t\t\t\t\t\t\tdata-xy=\"x:435px;y:124px;\"\n\t\t\t\t\t\t\t\tdata-text=\"w:normal;s:36;fw:900;\"\n\t\t\t\t\t\t\t\tdata-frame_1=\"st:380;sR:380;\"\n\t\t\t\t\t\t\t\tdata-frame_999=\"o:0;st:w;sR:3320;\"\n\t\t\t\t\t\t\t\tstyle=\"z-index:10;font-family:Roboto;\"\n\t\t\t\t\t\t\t>FUNDADORES \n\t\t\t\t\t\t\t<\/rs-layer><!--\n\n\t\t\t\t\t\t\t--><rs-layer\n\t\t\t\t\t\t\t\tid=\"slider-2-slide-4-layer-4\" \n\t\t\t\t\t\t\t\tdata-type=\"text\"\n\t\t\t\t\t\t\t\tdata-color=\"#ffffff\"\n\t\t\t\t\t\t\t\tdata-rsp_ch=\"on\"\n\t\t\t\t\t\t\t\tdata-xy=\"x:437px;y:75px;\"\n\t\t\t\t\t\t\t\tdata-text=\"w:normal;s:24;fw:900;\"\n\t\t\t\t\t\t\t\tdata-frame_1=\"st:210;sR:210;\"\n\t\t\t\t\t\t\t\tdata-frame_999=\"o:0;st:w;sR:3490;\"\n\t\t\t\t\t\t\t\tstyle=\"z-index:9;font-family:Roboto;\"\n\t\t\t\t\t\t\t>ABOGADOS \n\t\t\t\t\t\t\t<\/rs-layer><!--\n\n\t\t\t\t\t\t\t--><rs-layer\n\t\t\t\t\t\t\t\tid=\"slider-2-slide-4-layer-6\" \n\t\t\t\t\t\t\t\tdata-type=\"text\"\n\t\t\t\t\t\t\t\tdata-color=\"#fff\"\n\t\t\t\t\t\t\t\tdata-rsp_ch=\"on\"\n\t\t\t\t\t\t\t\tdata-xy=\"x:437px;y:183px;\"\n\t\t\t\t\t\t\t\tdata-text=\"w:normal;s:19;l:28;ls:0px;\"\n\t\t\t\t\t\t\t\tdata-dim=\"w:576px;\"\n\t\t\t\t\t\t\t\tdata-frame_1=\"st:560;sR:560;\"\n\t\t\t\t\t\t\t\tdata-frame_999=\"o:0;st:w;sR:3140;\"\n\t\t\t\t\t\t\t\tstyle=\"z-index:11;font-family:Poppins;\"\n\t\t\t\t\t\t\t>RA\u00daL MART\u00cdNEZ ROJAS<br \/>\n<br \/>\nSocio fundador de Mart\u00ednez & Torres-Calder\u00f3n Abogados en el a\u00f1o 1995. Se desempe\u00f1a como abogado especialista en derecho procesal civil y cuestiones contenciosas. Como parte de su ejercicio profesional fue abogado del Grupo Brescia por m\u00e1s de 35 a\u00f1os.<br \/>\n<br \/>\n \n\t\t\t\t\t\t\t<\/rs-layer><!--\n-->\t\t\t\t\t\t<\/rs-slide>\n\t\t\t\t\t\t<rs-slide data-key=\"rs-5\" data-title=\"Slide\" data-thumb=\"\/\/mytcabogados.com\/wp-content\/uploads\/2019\/11\/SOCIOS-50x100.jpg\" data-anim=\"ei:d;eo:d;s:1000;r:0;t:fade;sl:0;\">\n\t\t\t\t\t\t\t<img fetchpriority=\"high\" decoding=\"async\" src=\"\/\/mytcabogados.com\/wp-content\/uploads\/2019\/11\/SOCIOS.jpg\" title=\"SOCIOS\" width=\"1592\" height=\"500\" class=\"rev-slidebg\" data-no-retina>\n<!--\n\t\t\t\t\t\t\t--><rs-layer\n\t\t\t\t\t\t\t\tid=\"slider-2-slide-5-layer-1\" \n\t\t\t\t\t\t\t\tdata-type=\"image\"\n\t\t\t\t\t\t\t\tdata-rsp_ch=\"on\"\n\t\t\t\t\t\t\t\tdata-xy=\"x:118px;y:b;\"\n\t\t\t\t\t\t\t\tdata-text=\"w:normal;\"\n\t\t\t\t\t\t\t\tdata-dim=\"w:329px;h:457px;\"\n\t\t\t\t\t\t\t\tdata-frame_1=\"st:700;sR:700;\"\n\t\t\t\t\t\t\t\tdata-frame_999=\"o:0;st:w;sR:3000;\"\n\t\t\t\t\t\t\t\tstyle=\"z-index:12;font-family:Roboto;\"\n\t\t\t\t\t\t\t><img decoding=\"async\" src=\"\/\/mytcabogados.com\/wp-content\/uploads\/2019\/11\/luis-torres-calderon.png\" width=\"329\" height=\"457\" data-no-retina> \n\t\t\t\t\t\t\t<\/rs-layer><!--\n\n\t\t\t\t\t\t\t--><rs-layer\n\t\t\t\t\t\t\t\tid=\"slider-2-slide-5-layer-3\" \n\t\t\t\t\t\t\t\tdata-type=\"text\"\n\t\t\t\t\t\t\t\tdata-color=\"#ffffff\"\n\t\t\t\t\t\t\t\tdata-rsp_ch=\"on\"\n\t\t\t\t\t\t\t\tdata-xy=\"x:435px;y:124px;\"\n\t\t\t\t\t\t\t\tdata-text=\"w:normal;s:36;fw:900;\"\n\t\t\t\t\t\t\t\tdata-frame_1=\"st:380;sR:380;\"\n\t\t\t\t\t\t\t\tdata-frame_999=\"o:0;st:w;sR:3320;\"\n\t\t\t\t\t\t\t\tstyle=\"z-index:10;font-family:Roboto;\"\n\t\t\t\t\t\t\t>FUNDADORES \n\t\t\t\t\t\t\t<\/rs-layer><!--\n\n\t\t\t\t\t\t\t--><rs-layer\n\t\t\t\t\t\t\t\tid=\"slider-2-slide-5-layer-4\" \n\t\t\t\t\t\t\t\tdata-type=\"text\"\n\t\t\t\t\t\t\t\tdata-color=\"#ffffff\"\n\t\t\t\t\t\t\t\tdata-rsp_ch=\"on\"\n\t\t\t\t\t\t\t\tdata-xy=\"x:437px;y:75px;\"\n\t\t\t\t\t\t\t\tdata-text=\"w:normal;s:24;fw:900;\"\n\t\t\t\t\t\t\t\tdata-frame_1=\"st:210;sR:210;\"\n\t\t\t\t\t\t\t\tdata-frame_999=\"o:0;st:w;sR:3490;\"\n\t\t\t\t\t\t\t\tstyle=\"z-index:9;font-family:Roboto;\"\n\t\t\t\t\t\t\t>ABOGADOS \n\t\t\t\t\t\t\t<\/rs-layer><!--\n\n\t\t\t\t\t\t\t--><rs-layer\n\t\t\t\t\t\t\t\tid=\"slider-2-slide-5-layer-6\" \n\t\t\t\t\t\t\t\tdata-type=\"text\"\n\t\t\t\t\t\t\t\tdata-color=\"#fff\"\n\t\t\t\t\t\t\t\tdata-rsp_ch=\"on\"\n\t\t\t\t\t\t\t\tdata-xy=\"x:437px;y:183px;\"\n\t\t\t\t\t\t\t\tdata-text=\"w:normal;s:19;l:28;ls:0px;\"\n\t\t\t\t\t\t\t\tdata-dim=\"w:576px;\"\n\t\t\t\t\t\t\t\tdata-frame_1=\"st:560;sR:560;\"\n\t\t\t\t\t\t\t\tdata-frame_999=\"o:0;st:w;sR:3140;\"\n\t\t\t\t\t\t\t\tstyle=\"z-index:11;font-family:Poppins;\"\n\t\t\t\t\t\t\t>LUIS TORRES-CALDER\u00d3N VELASCO<br \/>\n<br \/>\nSocio fundador de Mart\u00ednez & Torres-Calder\u00f3n Abogados en el a\u00f1o 1995. Se desempe\u00f1a como abogado desde el a\u00f1o 1979, en las \u00e1reas del derecho civil y societario, principalmente. <br \/>\n \n\t\t\t\t\t\t\t<\/rs-layer><!--\n-->\t\t\t\t\t\t<\/rs-slide>\n\t\t\t\t\t<\/rs-slides>\n\t\t\t\t\t<rs-progress class=\"rs-bottom\" style=\"visibility: hidden !important;\"><\/rs-progress>\n\t\t\t\t<\/rs-module>\n\t\t\t\t<script type=\"text\/javascript\">\n\t\t\t\t\tsetREVStartSize({c: 'rev_slider_2_1',rl:[1240,1024,778,480],el:[480],gw:[1240],gh:[480],layout:'fullwidth',mh:\"0\"});\n\t\t\t\t\tvar\trevapi2,\n\t\t\t\t\t\ttpj;\n\t\t\t\t\tjQuery(function() {\n\t\t\t\t\t\ttpj = jQuery;\n\t\t\t\t\t\tif(tpj(\"#rev_slider_2_1\").revolution == undefined){\n\t\t\t\t\t\t\trevslider_showDoubleJqueryError(\"#rev_slider_2_1\");\n\t\t\t\t\t\t}else{\n\t\t\t\t\t\t\trevapi2 = tpj(\"#rev_slider_2_1\").show().revolution({\n\t\t\t\t\t\t\t\tjsFileLocation:\"\/\/mytcabogados.com\/wp-content\/plugins\/revslider\/public\/assets\/js\/\",\n\t\t\t\t\t\t\t\tsliderLayout:\"fullwidth\",\n\t\t\t\t\t\t\t\tduration:\"4000ms\",\n\t\t\t\t\t\t\t\tvisibilityLevels:\"1240,1024,778,480\",\n\t\t\t\t\t\t\t\tgridwidth:1240,\n\t\t\t\t\t\t\t\tgridheight:480,\n\t\t\t\t\t\t\t\tminHeight:\"\",\n\t\t\t\t\t\t\t\tstartDelay:\"0ms\",\n\t\t\t\t\t\t\t\tspinner:\"spinner0\",\n\t\t\t\t\t\t\t\teditorheight:\"480,768,960,720\",\n\t\t\t\t\t\t\t\tresponsiveLevels:\"1240,1024,778,480\",\n\t\t\t\t\t\t\t\tdisableProgressBar:\"on\",\n\t\t\t\t\t\t\t\tnavigation: {\n\t\t\t\t\t\t\t\t\tonHoverStop:false,\n\t\t\t\t\t\t\t\t\tarrows: {\n\t\t\t\t\t\t\t\t\t\tenable:true,\n\t\t\t\t\t\t\t\t\t\ttmp:\"<div class=\\\"tp-arr-allwrapper\\\">\t<div class=\\\"tp-arr-imgholder\\\"><\/div><\/div>\",\n\t\t\t\t\t\t\t\t\t\tstyle:\"hades\",\n\t\t\t\t\t\t\t\t\t\tleft: {\n\t\t\t\t\t\t\t\t\t\t\th_offset:30\n\t\t\t\t\t\t\t\t\t\t},\n\t\t\t\t\t\t\t\t\t\tright: {\n\t\t\t\t\t\t\t\t\t\t\th_offset:30\n\t\t\t\t\t\t\t\t\t\t}\n\t\t\t\t\t\t\t\t\t}\n\t\t\t\t\t\t\t\t},\n\t\t\t\t\t\t\t\tfallbacks: {\n\t\t\t\t\t\t\t\t\tallowHTML5AutoPlayOnAndroid:true\n\t\t\t\t\t\t\t\t},\n\t\t\t\t\t\t\t});\n\t\t\t\t\t\t}\n\t\t\t\t\t\t\n\t\t\t\t\t});\n\t\t\t\t<\/script>\n\t\t\t\t<script>\n\t\t\t\t\tvar htmlDivCss = unescape(\"%23rev_slider_2_1_wrapper%20.hades.tparrows%20%7B%0A%09cursor%3Apointer%3B%0A%09background%3Argba%280%2C0%2C0%2C0.25%29%3B%0A%09width%3A100px%3B%0A%09height%3A100px%3B%0A%09position%3Aabsolute%3B%0A%09display%3Ablock%3B%0A%09z-index%3A1000%3B%0A%7D%0A%0A%23rev_slider_2_1_wrapper%20.hades.tparrows%3Abefore%20%7B%0A%09font-family%3A%20%27revicons%27%3B%0A%09font-size%3A30px%3B%0A%09color%3A%23d8cd80%3B%0A%09display%3Ablock%3B%0A%09line-height%3A%20100px%3B%0A%09text-align%3A%20center%3B%0A%20%20transition%3A%20background%200.3s%2C%20color%200.3s%3B%0A%7D%0A%23rev_slider_2_1_wrapper%20.hades.tparrows.tp-leftarrow%3Abefore%20%7B%0A%09content%3A%20%27%5Ce824%27%3B%0A%7D%0A%23rev_slider_2_1_wrapper%20.hades.tparrows.tp-rightarrow%3Abefore%20%7B%0A%09content%3A%20%27%5Ce825%27%3B%0A%7D%0A%0A%23rev_slider_2_1_wrapper%20.hades.tparrows%3Ahover%3Abefore%20%7B%0A%20%20%20color%3Argba%280%2C0%2C0%2C0.5%29%3B%0A%20%20%20background%3A%23ffffff%3B%0A%20%7D%0A%23rev_slider_2_1_wrapper%20.hades%20.tp-arr-allwrapper%20%7B%0A%20%20position%3Aabsolute%3B%0A%20%20left%3A100%25%3B%0A%20%20top%3A0px%3B%0A%20%20background%3A%23888%3B%20%0A%20%20width%3A100px%3Bheight%3A100px%3B%0A%20%20-webkit-transition%3A%20all%200.3s%3B%0A%20%20transition%3A%20all%200.3s%3B%0A%20%20-ms-filter%3A%20%27progid%3Adximagetransform.microsoft.alpha%28opacity%3D0%29%27%3B%0A%20%20filter%3A%20alpha%28opacity%3D0%29%3B%0A%20%20-moz-opacity%3A%200.0%3B%0A%20%20-khtml-opacity%3A%200.0%3B%0A%20%20opacity%3A%200.0%3B%0A%20%20-webkit-transform%3A%20rotatey%28-90deg%29%3B%0A%20%20transform%3A%20rotatey%28-90deg%29%3B%0A%20%20-webkit-transform-origin%3A%200%25%2050%25%3B%0A%20%20transform-origin%3A%200%25%2050%25%3B%0A%7D%0A%23rev_slider_2_1_wrapper%20.hades.tp-rightarrow%20.tp-arr-allwrapper%20%7B%0A%20%20%20left%3Aauto%3B%0A%20%20%20right%3A100%25%3B%0A%20%20%20-webkit-transform-origin%3A%20100%25%2050%25%3B%0A%20%20transform-origin%3A%20100%25%2050%25%3B%0A%20%20%20-webkit-transform%3A%20rotatey%2890deg%29%3B%0A%20%20transform%3A%20rotatey%2890deg%29%3B%0A%7D%0A%0A%23rev_slider_2_1_wrapper%20.hades%3Ahover%20.tp-arr-allwrapper%20%7B%0A%20%20%20-ms-filter%3A%20%27progid%3Adximagetransform.microsoft.alpha%28opacity%3D100%29%27%3B%0A%20%20filter%3A%20alpha%28opacity%3D100%29%3B%0A%20%20-moz-opacity%3A%201%3B%0A%20%20-khtml-opacity%3A%201%3B%0A%20%20opacity%3A%201%3B%20%20%0A%20%20%20%20-webkit-transform%3A%20rotatey%280deg%29%3B%0A%20%20transform%3A%20rotatey%280deg%29%3B%0A%0A%20%7D%0A%20%20%20%20%0A%23rev_slider_2_1_wrapper%20.hades%20.tp-arr-iwrapper%20%7B%0A%7D%0A%23rev_slider_2_1_wrapper%20.hades%20.tp-arr-imgholder%20%7B%0A%20%20background-size%3Acover%3B%0A%20%20position%3Aabsolute%3B%0A%20%20top%3A0px%3Bleft%3A0px%3B%0A%20%20width%3A100%25%3Bheight%3A100%25%3B%0A%7D%0A%23rev_slider_2_1_wrapper%20.hades%20.tp-arr-titleholder%20%7B%0A%7D%0A%23rev_slider_2_1_wrapper%20.hades%20.tp-arr-subtitleholder%20%7B%0A%7D%0A%0A\");\n\t\t\t\t\tvar htmlDiv = document.getElementById('rs-plugin-settings-inline-css');\n\t\t\t\t\tif(htmlDiv) {\n\t\t\t\t\t\thtmlDiv.innerHTML = htmlDiv.innerHTML + htmlDivCss;\n\t\t\t\t\t}else{\n\t\t\t\t\t\tvar htmlDiv = document.createElement('div');\n\t\t\t\t\t\thtmlDiv.innerHTML = '<style>' + htmlDivCss + '<\/style>';\n\t\t\t\t\t\tdocument.getElementsByTagName('head')[0].appendChild(htmlDiv.childNodes[0]);\n\t\t\t\t\t}\n\t\t\t\t<\/script>\n\t\t\t\t<script>\n\t\t\t\t\tvar htmlDivCss = unescape(\"%0A%0A\");\n\t\t\t\t\tvar htmlDiv = document.getElementById('rs-plugin-settings-inline-css');\n\t\t\t\t\tif(htmlDiv) {\n\t\t\t\t\t\thtmlDiv.innerHTML = htmlDiv.innerHTML + htmlDivCss;\n\t\t\t\t\t}else{\n\t\t\t\t\t\tvar htmlDiv = document.createElement('div');\n\t\t\t\t\t\thtmlDiv.innerHTML = '<style>' + htmlDivCss + '<\/style>';\n\t\t\t\t\t\tdocument.getElementsByTagName('head')[0].appendChild(htmlDiv.childNodes[0]);\n\t\t\t\t\t}\n\t\t\t\t<\/script>\n\t\t\t<\/rs-module-wrap>\n\t\t\t<!-- END REVOLUTION SLIDER -->\n[\/vc_column][\/vc_row][vc_row css=\u00bb.vc_custom_1573081963379{padding-top: 100px !important;padding-right: 120px !important;padding-bottom: 100px !important;padding-left: 120px !important;}\u00bb][vc_column][vc_column_text][\/vc_column_text][vc_column_text]<\/p>\n<h2 style=\"text-align: center;\"><span style=\"color: #d8cd80;\"><strong>EXPERIENCIA GARANTIZADA<\/strong><\/span><\/h2>\n<p style=\"margin: 0cm; margin-bottom: .0001pt; text-align: center;\" align=\"center\"><span style=\"font-family: 'Arial','sans-serif'; color: #2d392f; letter-spacing: .75pt;\">Contamos con un grupo de profesionales del derecho formados por nuestra firma y nutridos de los principales valores que nos representan.<\/span><\/p>\n<p>[\/vc_column_text][\/vc_column][\/vc_row][vc_row css=\u00bb.vc_custom_1573082724709{padding-top: 100px !important;padding-bottom: 100px !important;}\u00bb][vc_column width=\u00bb1\/4&#8243;][vc_column_text]<\/p>\n<h2 style=\"text-align: left;\"><span style=\"color: #d8cd80;\">SOCIOS<\/span><\/h2>\n<p>[\/vc_column_text][\/vc_column][vc_column width=\u00bb1\/4&#8243;]<div id='rb_image_69e207b1434ff' class='rb_image_module background_grayscale xcvxv' ><div class=\"main_image\"><img decoding=\"async\" class=\"image\" src=\"https:\/\/mytcabogados.com\/wp-content\/uploads\/2019\/11\/raulmartinez.jpg\" alt=\"\" \/><\/div><\/div><div class='rb_textmodule_69e207b14371c rb_textmodule with_subtitle'><div class='rb_textmodule_info_wrapper'><h6 class='rb_textmodule_title has_divider'>RA\u00daL MART\u00cdNEZ V.<span class='rb_textmodule_divider'><\/span><\/h6><\/div><\/div>[\/vc_column][vc_column width=\u00bb1\/4&#8243;]<div id='rb_image_69e207b1439c3' class='rb_image_module background_grayscale xcvxv' ><div class=\"main_image\"><img decoding=\"async\" class=\"image\" src=\"https:\/\/mytcabogados.com\/wp-content\/uploads\/2026\/01\/JL1-scaled-e1769112684473.jpg\" alt=\"\" \/><\/div><\/div><div class='rb_textmodule_69e207b143bde rb_textmodule with_subtitle'><div class='rb_textmodule_info_wrapper'><h6 class='rb_textmodule_title has_divider'>JUAN LUIS TORRES CALDER\u00d3N<span class='rb_textmodule_divider'><\/span><\/h6><\/div><\/div>[\/vc_column][\/vc_row][vc_row css=\u00bb.vc_custom_1573082724709{padding-top: 100px !important;padding-bottom: 100px !important;}\u00bb][vc_column width=\u00bb1\/4&#8243;][vc_column_text]<\/p>\n<h2 style=\"text-align: left;\"><span style=\"color: #d8cd80;\">ASOCIADOS SENIOR<\/span><\/h2>\n<p>[\/vc_column_text][\/vc_column][vc_column width=\u00bb1\/4&#8243;]<div id='rb_image_69e207b143d3b' class='rb_image_module background_grayscale xcvxv' ><div class=\"main_image\"><img decoding=\"async\" class=\"image\" src=\"https:\/\/mytcabogados.com\/wp-content\/uploads\/2019\/11\/retoque-sg-2017-08-23-16-58-09.jpg\" alt=\"\" \/><\/div><\/div><div class='rb_textmodule_69e207b143ed8 rb_textmodule with_subtitle'><div class='rb_textmodule_info_wrapper'><h6 class='rb_textmodule_title has_divider'>SERGIO CASASSA<span class='rb_textmodule_divider'><\/span><\/h6><\/div><\/div>[\/vc_column][vc_column width=\u00bb1\/4&#8243;]<div id='rb_image_69e207b14408e' class='rb_image_module background_grayscale xcvxv' ><div class=\"main_image\"><img decoding=\"async\" class=\"image\" src=\"https:\/\/mytcabogados.com\/wp-content\/uploads\/2019\/11\/jose-pajares.jpg\" alt=\"\" \/><\/div><\/div><div class='rb_textmodule_69e207b144254 rb_textmodule with_subtitle'><div class='rb_textmodule_info_wrapper'><h6 class='rb_textmodule_title has_divider'>JOS\u00c9 ANTONIO PAJARES<span class='rb_textmodule_divider'><\/span><\/h6><\/div><\/div>[\/vc_column][vc_column width=\u00bb1\/4&#8243;]<div id='rb_image_69e207b1443a9' class='rb_image_module background_grayscale xcvxv' ><div class=\"main_image\"><img decoding=\"async\" class=\"image\" src=\"https:\/\/mytcabogados.com\/wp-content\/uploads\/2019\/11\/arturo-calderon.jpg\" alt=\"\" \/><\/div><\/div><div class='rb_textmodule_69e207b1445b5 rb_textmodule with_subtitle'><div class='rb_textmodule_info_wrapper'><h6 class='rb_textmodule_title has_divider'>ARTURO CALDER\u00d3N<span class='rb_textmodule_divider'><\/span><\/h6><\/div><\/div>[\/vc_column][\/vc_row][vc_row css=\u00bb.vc_custom_1573082724709{padding-top: 100px !important;padding-bottom: 100px !important;}\u00bb][vc_column width=\u00bb1\/4&#8243;][vc_column_text]<\/p>\n<h2 style=\"text-align: left;\"><span style=\"color: #d8cd80;\">ASOCIADOS JUNIOR<\/span><\/h2>\n<p>[\/vc_column_text][\/vc_column][vc_column width=\u00bb1\/4&#8243;]<div id='rb_image_69e207b144726' class='rb_image_module background_grayscale xcvxv' ><div class=\"main_image\"><img decoding=\"async\" class=\"image\" src=\"https:\/\/mytcabogados.com\/wp-content\/uploads\/2022\/10\/Piero_edited-e1769119405701.jpg\" alt=\"\" \/><\/div><\/div><div class='rb_textmodule_69e207b144925 rb_textmodule with_subtitle'><div class='rb_textmodule_info_wrapper'><h6 class='rb_textmodule_title has_divider'>PIERO CASASSA<span class='rb_textmodule_divider'><\/span><\/h6><\/div><\/div>[\/vc_column][vc_column width=\u00bb1\/4&#8243;]<div id='rb_image_69e207b144ae5' class='rb_image_module background_grayscale' ><div class=\"main_image\"><img decoding=\"async\" class=\"image\" src=\"https:\/\/mytcabogados.com\/wp-content\/uploads\/2022\/11\/Miguel_edited-e1769119482106.jpg\" alt=\"\" \/><\/div><\/div><div class='rb_textmodule_69e207b144d21 rb_textmodule with_subtitle'><div class='rb_textmodule_info_wrapper'><h6 class='rb_textmodule_title has_divider'>MIGUEL D\u00cdAZ<span class='rb_textmodule_divider'><\/span><\/h6><\/div><\/div>[\/vc_column][vc_column width=\u00bb1\/4&#8243;]<div id='rb_image_69e207b144eb5' class='rb_image_module background_grayscale' ><div class=\"main_image\"><img decoding=\"async\" class=\"image\" src=\"https:\/\/mytcabogados.com\/wp-content\/uploads\/2022\/11\/Jonathan_edited-1-e1668187274608.jpg\" alt=\"\" \/><\/div><\/div><div class='rb_textmodule_69e207b1450ce rb_textmodule with_subtitle'><div class='rb_textmodule_info_wrapper'><h6 class='rb_textmodule_title has_divider'>JONATHAN V\u00c1SQUEZ<span class='rb_textmodule_divider'><\/span><\/h6><\/div><\/div>[\/vc_column][\/vc_row][vc_row css=\u00bb.vc_custom_1573082724709{padding-top: 100px !important;padding-bottom: 100px !important;}\u00bb][vc_column width=\u00bb1\/4&#8243;][\/vc_column][vc_column width=\u00bb1\/4&#8243;]<div id='rb_image_69e207b14522c' class='rb_image_module background_grayscale xcvxv' ><div class=\"main_image\"><img decoding=\"async\" class=\"image\" src=\"https:\/\/mytcabogados.com\/wp-content\/uploads\/2023\/02\/Dennis_edited-e1676913458109.jpg\" alt=\"\" \/><\/div><\/div><div class='rb_textmodule_69e207b145453 rb_textmodule with_subtitle'><div class='rb_textmodule_info_wrapper'><h6 class='rb_textmodule_title has_divider'>DENNIS HUAMAN\u00cd<span class='rb_textmodule_divider'><\/span><\/h6><\/div><\/div>[\/vc_column][vc_column width=\u00bb1\/4&#8243;]<div id='rb_image_69e207b1455f8' class='rb_image_module background_grayscale xcvxv' ><div class=\"main_image\"><img decoding=\"async\" class=\"image\" src=\"https:\/\/mytcabogados.com\/wp-content\/uploads\/2022\/11\/Victor_edited-e1769118565671.jpg\" alt=\"\" \/><\/div><\/div><div class='rb_textmodule_69e207b145814 rb_textmodule with_subtitle'><div class='rb_textmodule_info_wrapper'><h6 class='rb_textmodule_title has_divider'>VICTOR GRANDA<span class='rb_textmodule_divider'><\/span><\/h6><\/div><\/div>[\/vc_column][vc_column width=\u00bb1\/4&#8243;]<div id='rb_image_69e207b1459b1' class='rb_image_module background_grayscale xcvxv' ><div class=\"main_image\"><img decoding=\"async\" class=\"image\" src=\"https:\/\/mytcabogados.com\/wp-content\/uploads\/2026\/01\/Loana2-scaled-e1769191491339.jpg\" alt=\"\" \/><\/div><\/div><div class='rb_textmodule_69e207b145bbc rb_textmodule with_subtitle'><div class='rb_textmodule_info_wrapper'><h6 class='rb_textmodule_title has_divider'>LOANA ARIZABAL<span class='rb_textmodule_divider'><\/span><\/h6><\/div><\/div>[\/vc_column][\/vc_row][vc_row css=\u00bb.vc_custom_1573082724709{padding-top: 100px !important;padding-bottom: 100px !important;}\u00bb][vc_column width=\u00bb1\/4&#8243;][\/vc_column][vc_column width=\u00bb1\/4&#8243;]<div id='rb_image_69e207b145d5b' class='rb_image_module background_grayscale xcvxv' ><div class=\"main_image\"><img decoding=\"async\" class=\"image\" src=\"https:\/\/mytcabogados.com\/wp-content\/uploads\/2026\/01\/Leonela2-scaled-e1769191573459.jpg\" alt=\"\" \/><\/div><\/div><div class='rb_textmodule_69e207b145f95 rb_textmodule with_subtitle'><div class='rb_textmodule_info_wrapper'><h6 class='rb_textmodule_title has_divider'>LEONELA GUEVARA<span class='rb_textmodule_divider'><\/span><\/h6><\/div><\/div>[\/vc_column][vc_column width=\u00bb1\/4&#8243;]<div id='rb_image_69e207b1460ad' class='rb_image_module background_grayscale xcvxv' ><div class=\"main_image\"><img decoding=\"async\" class=\"image\" src=\"https:\/\/mytcabogados.com\/wp-content\/uploads\/2026\/01\/Maite2-scaled-e1769194340698.jpg\" alt=\"\" \/><\/div><\/div><div class='rb_textmodule_69e207b1462e8 rb_textmodule with_subtitle'><div class='rb_textmodule_info_wrapper'><h6 class='rb_textmodule_title has_divider'>MAITE MONTENEGRO<span class='rb_textmodule_divider'><\/span><\/h6><\/div><\/div>[\/vc_column][vc_column width=\u00bb1\/4&#8243;]<div id='rb_image_69e207b14647e' class='rb_image_module background_grayscale xcvxv' ><div class=\"main_image\"><img decoding=\"async\" class=\"image\" src=\"https:\/\/mytcabogados.com\/wp-content\/uploads\/2026\/01\/Alexandra2-scaled-e1769194392156.jpg\" alt=\"\" \/><\/div><\/div><div class='rb_textmodule_69e207b1466c7 rb_textmodule with_subtitle'><div class='rb_textmodule_info_wrapper'><h6 class='rb_textmodule_title has_divider'>ALEXANDRA OLIDEN<span class='rb_textmodule_divider'><\/span><\/h6><\/div><\/div>[\/vc_column][\/vc_row][vc_row css=\u00bb.vc_custom_1573082724709{padding-top: 100px !important;padding-bottom: 100px !important;}\u00bb][vc_column width=\u00bb1\/4&#8243;][\/vc_column][vc_column width=\u00bb1\/4&#8243;]<div id='rb_image_69e207b146863' class='rb_image_module background_grayscale xcvxv' ><div class=\"main_image\"><img decoding=\"async\" class=\"image\" src=\"https:\/\/mytcabogados.com\/wp-content\/uploads\/2026\/01\/Gian2-scaled-e1769191640781.jpg\" alt=\"\" \/><\/div><\/div><div class='rb_textmodule_69e207b146a9b rb_textmodule with_subtitle'><div class='rb_textmodule_info_wrapper'><h6 class='rb_textmodule_title has_divider'>GIANFRANCO ALVARADO<span class='rb_textmodule_divider'><\/span><\/h6><\/div><\/div>[\/vc_column][vc_column width=\u00bb1\/4&#8243;]<div id='rb_image_69e207b146c32' class='rb_image_module background_grayscale xcvxv' ><div class=\"main_image\"><img decoding=\"async\" class=\"image\" src=\"https:\/\/mytcabogados.com\/wp-content\/uploads\/2026\/01\/Ivan3-scaled-e1769192269374.jpg\" alt=\"\" \/><\/div><\/div><div class='rb_textmodule_69e207b146e8d rb_textmodule with_subtitle'><div class='rb_textmodule_info_wrapper'><h6 class='rb_textmodule_title has_divider'>IV\u00c1N MENDIETA<span class='rb_textmodule_divider'><\/span><\/h6><\/div><\/div>[\/vc_column][vc_column width=\u00bb1\/4&#8243;][\/vc_column][\/vc_row]<\/p>\n","protected":false},"excerpt":{"rendered":"<p>[vc_row][vc_column][\/vc_column][\/vc_row][vc_row css=\u00bb.vc_custom_1573081963379{padding-top: 100px !important;padding-right: 120px !important;padding-bottom: 100px !important;padding-left: 120px !important;}\u00bb][vc_column][vc_column_text][\/vc_column_text][vc_column_text] EXPERIENCIA GARANTIZADA Contamos con un grupo de profesionales del derecho formados por nuestra firma y nutridos de los principales valores que nos representan. [\/vc_column_text][\/vc_column][\/vc_row][vc_row css=\u00bb.vc_custom_1573082724709{padding-top: 100px !important;padding-bottom: 100px !important;}\u00bb][vc_column width=\u00bb1\/4&#8243;][vc_column_text] SOCIOS [\/vc_column_text][\/vc_column][vc_column width=\u00bb1\/4&#8243;][\/vc_column][vc_column width=\u00bb1\/4&#8243;][\/vc_column][\/vc_row][vc_row css=\u00bb.vc_custom_1573082724709{padding-top: 100px !important;padding-bottom: 100px !important;}\u00bb][vc_column width=\u00bb1\/4&#8243;][vc_column_text] ASOCIADOS SENIOR [\/vc_column_text][\/vc_column][vc_column width=\u00bb1\/4&#8243;][\/vc_column][vc_column width=\u00bb1\/4&#8243;][\/vc_column][vc_column [&hellip;]<\/p>\n","protected":false},"author":1,"featured_media":0,"parent":0,"menu_order":0,"comment_status":"closed","ping_status":"closed","template":"","meta":{"footnotes":""},"class_list":["post-208","page","type-page","status-publish","hentry"],"_links":{"self":[{"href":"https:\/\/mytcabogados.com\/index.php\/wp-json\/wp\/v2\/pages\/208","targetHints":{"allow":["GET"]}}],"collection":[{"href":"https:\/\/mytcabogados.com\/index.php\/wp-json\/wp\/v2\/pages"}],"about":[{"href":"https:\/\/mytcabogados.com\/index.php\/wp-json\/wp\/v2\/types\/page"}],"author":[{"embeddable":true,"href":"https:\/\/mytcabogados.com\/index.php\/wp-json\/wp\/v2\/users\/1"}],"replies":[{"embeddable":true,"href":"https:\/\/mytcabogados.com\/index.php\/wp-json\/wp\/v2\/comments?post=208"}],"version-history":[{"count":76,"href":"https:\/\/mytcabogados.com\/index.php\/wp-json\/wp\/v2\/pages\/208\/revisions"}],"predecessor-version":[{"id":555,"href":"https:\/\/mytcabogados.com\/index.php\/wp-json\/wp\/v2\/pages\/208\/revisions\/555"}],"wp:attachment":[{"href":"https:\/\/mytcabogados.com\/index.php\/wp-json\/wp\/v2\/media?parent=208"}],"curies":[{"name":"wp","href":"https:\/\/api.w.org\/{rel}","templated":true}]}}