{"id":183,"date":"2019-11-07T00:02:26","date_gmt":"2019-11-07T00:02:26","guid":{"rendered":"http:\/\/mytcabogados.com\/?page_id=183"},"modified":"2026-01-23T19:05:59","modified_gmt":"2026-01-23T19:05:59","slug":"probono","status":"publish","type":"page","link":"https:\/\/mytcabogados.com\/index.php\/probono\/","title":{"rendered":"PROBONO"},"content":{"rendered":"<p>[vc_row full_width=\u00bbstretch_row\u00bb bg_position=\u00bbbottom\u00bb css=\u00bb.vc_custom_1573084730788{padding-top: 150px !important;padding-bottom: 150px !important;background-image: url(http:\/\/mytcabogados.com\/wp-content\/uploads\/2019\/11\/PROBONO.jpg?id=184) !important;}\u00bb][vc_column][vc_column_text]<\/p>\n<h2><span style=\"color: #d8cd80;\"><strong>LA FORMA M\u00c1S F\u00c1CIL<\/strong><\/span><br \/>\n<span style=\"color: #ffffff;\">DE AYUDARLO<\/span><\/h2>\n<p>[\/vc_column_text][\/vc_column][\/vc_row][vc_row css=\u00bb.vc_custom_1573077773186{padding-right: 120px !important;padding-left: 120px !important;}\u00bb][vc_column][vc_column_text]<\/p>\n<h2 style=\"text-align: center;\">TE AYUDAMOS<\/h2>\n<p>[\/vc_column_text][vc_column_text]<\/p>\n<h2 style=\"text-align: center;\"><span style=\"color: #d8cd80;\"><strong>A RESOLVER TU CASO<\/strong><\/span><\/h2>\n<p>[\/vc_column_text][\/vc_column][\/vc_row][vc_row css=\u00bb.vc_custom_1573084974453{padding-top: 50px !important;padding-bottom: 50px !important;}\u00bb][vc_column width=\u00bb1\/2&#8243;][vc_single_image image=\u00bb185&#8243; img_size=\u00bb671&#215;441&#8243;][\/vc_column][vc_column width=\u00bb1\/2&#8243;][vc_column_text]<\/p>\n<p style=\"text-align: justify;\">Como parte de nuestro compromiso social con el desarrollo del pa\u00eds y de apoyo a la comunidad, ponemos a disposici\u00f3n asesor\u00eda legal gratuita a personas o entidades de escasos recursos, de forma tal que puedan acceder al sistema de justicia con la finalidad de resolver alguna situaci\u00f3n de conflicto, de manera equitativa. Nuestra intenci\u00f3n es fomentar una cultura de confianza en las instituciones jur\u00eddicas del pa\u00eds, y que la barrera econ\u00f3mica no represente una frontera infranqueable para la satisfacci\u00f3n de intereses de aquellas personas que por diversos motivos, no pueden acceder a una asesor\u00eda de calidad. Presenta tu caso, explicando y sustentando los motivos de no haber podido contar con posibilidades de asesor\u00eda legal, a fin de que sea calificado por nuestro staff. Aquellos casos seleccionados, ser\u00e1n informados oportunamente para formalizar el acuerdo de patrocinio.<\/p>\n<p><a href=\"http:\/\/mytcabogados.com\/index.php\/contacto\/\">SOLICITA INFORMACI\u00d3N &gt;&gt;<\/a>[\/vc_column_text][\/vc_column][\/vc_row]<\/p>\n","protected":false},"excerpt":{"rendered":"<p>[vc_row full_width=\u00bbstretch_row\u00bb bg_position=\u00bbbottom\u00bb css=\u00bb.vc_custom_1573084730788{padding-top: 150px !important;padding-bottom: 150px !important;background-image: url(http:\/\/mytcabogados.com\/wp-content\/uploads\/2019\/11\/PROBONO.jpg?id=184) !important;}\u00bb][vc_column][vc_column_text] LA FORMA M\u00c1S F\u00c1CIL DE AYUDARLO [\/vc_column_text][\/vc_column][\/vc_row][vc_row css=\u00bb.vc_custom_1573077773186{padding-right: 120px !important;padding-left: 120px !important;}\u00bb][vc_column][vc_column_text] TE AYUDAMOS [\/vc_column_text][vc_column_text] A RESOLVER TU CASO [\/vc_column_text][\/vc_column][\/vc_row][vc_row css=\u00bb.vc_custom_1573084974453{padding-top: 50px !important;padding-bottom: 50px !important;}\u00bb][vc_column width=\u00bb1\/2&#8243;][vc_single_image image=\u00bb185&#8243; img_size=\u00bb671&#215;441&#8243;][\/vc_column][vc_column width=\u00bb1\/2&#8243;][vc_column_text] Como parte de nuestro compromiso social con el desarrollo del pa\u00eds y de apoyo a la [&hellip;]<\/p>\n","protected":false},"author":1,"featured_media":0,"parent":0,"menu_order":0,"comment_status":"closed","ping_status":"closed","template":"","meta":{"footnotes":""},"class_list":["post-183","page","type-page","status-publish","hentry"],"_links":{"self":[{"href":"https:\/\/mytcabogados.com\/index.php\/wp-json\/wp\/v2\/pages\/183","targetHints":{"allow":["GET"]}}],"collection":[{"href":"https:\/\/mytcabogados.com\/index.php\/wp-json\/wp\/v2\/pages"}],"about":[{"href":"https:\/\/mytcabogados.com\/index.php\/wp-json\/wp\/v2\/types\/page"}],"author":[{"embeddable":true,"href":"https:\/\/mytcabogados.com\/index.php\/wp-json\/wp\/v2\/users\/1"}],"replies":[{"embeddable":true,"href":"https:\/\/mytcabogados.com\/index.php\/wp-json\/wp\/v2\/comments?post=183"}],"version-history":[{"count":5,"href":"https:\/\/mytcabogados.com\/index.php\/wp-json\/wp\/v2\/pages\/183\/revisions"}],"predecessor-version":[{"id":560,"href":"https:\/\/mytcabogados.com\/index.php\/wp-json\/wp\/v2\/pages\/183\/revisions\/560"}],"wp:attachment":[{"href":"https:\/\/mytcabogados.com\/index.php\/wp-json\/wp\/v2\/media?parent=183"}],"curies":[{"name":"wp","href":"https:\/\/api.w.org\/{rel}","templated":true}]}}