{"id":15,"date":"2019-11-06T19:58:25","date_gmt":"2019-11-06T19:58:25","guid":{"rendered":"http:\/\/mytcabogados.com\/?page_id=15"},"modified":"2026-01-23T19:02:02","modified_gmt":"2026-01-23T19:02:02","slug":"inicio","status":"publish","type":"page","link":"https:\/\/mytcabogados.com\/","title":{"rendered":"INICIO"},"content":{"rendered":"<p>[vc_row][vc_column][vc_column_text]<\/p>\n<table style=\"height: 54px; width: 100.531%; border-collapse: collapse; border-style: hidden;\" border=\"0\">\n<tbody>\n<tr style=\"height: 22px;\">\n<td style=\"width: 100%; text-align: center; height: 22px;\"><\/td>\n<\/tr>\n<tr style=\"height: 32px;\">\n<td style=\"width: 100%; height: 32px;\">\n<h2 style=\"text-align: center;\"><span style=\"color: #2d392f;\"><strong>\u00c1REAS DE ESPECIALIDAD<\/strong><\/span><\/h2>\n<\/td>\n<\/tr>\n<\/tbody>\n<\/table>\n<p>[\/vc_column_text][\/vc_column][\/vc_row][vc_row full_width=\u00bbstretch_row_content_no_spaces\u00bb css=\u00bb.vc_custom_1573072696989{padding-bottom: 220px !important;}\u00bb][vc_column width=\u00bb1\/4&#8243; css=\u00bb.vc_custom_1573071962228{padding-top: 1px !important;padding-right: 1px !important;padding-bottom: 1px !important;padding-left: 1px !important;}\u00bb]<div id='rb_service_69d42534c110b' class='rb_service_module style_icon_top shape_none hover_color '><div class='service_image_wrapper'><img src='https:\/\/mytcabogados.com\/wp-content\/uploads\/2019\/11\/cobranza-judicial.png' alt='' \/><\/div><div class=\"service_content_wrapper\"><h4 class=\"service_title\">RECUPERACI\u00d3N JUDICIAL<\/h4><\/div><\/div><div id='rb_service_69d42534c149d' class='rb_service_module style_icon_top shape_none hover_color '><div class='service_image_wrapper'><img src='https:\/\/mytcabogados.com\/wp-content\/uploads\/2019\/11\/procesos-laborales.png' alt='' \/><\/div><div class=\"service_content_wrapper\"><h4 class=\"service_title\">DERECHO CORPORATIVO<\/h4><\/div><\/div>[\/vc_column][vc_column width=\u00bb1\/4&#8243; css=\u00bb.vc_custom_1573071947536{padding-top: 1px !important;padding-right: 1px !important;padding-bottom: 1px !important;padding-left: 1px !important;}\u00bb]<div id='rb_service_69d42534c1766' class='rb_service_module style_icon_top shape_none hover_color '><div class='service_image_wrapper'><img src='https:\/\/mytcabogados.com\/wp-content\/uploads\/2019\/11\/contingentes-de-bancos.png' alt='' \/><\/div><div class=\"service_content_wrapper\"><h4 class=\"service_title\">LITIGIOS Y CONTROVERSIAS<\/h4><\/div><\/div><div id='rb_service_69d42534c1a18' class='rb_service_module style_icon_top shape_none hover_color '><div class='service_image_wrapper'><img src='https:\/\/mytcabogados.com\/wp-content\/uploads\/2019\/11\/temas-societarios.png' alt='' \/><\/div><div class=\"service_content_wrapper\"><h4 class=\"service_title\">DERECHO MUNICIPAL<\/h4><\/div><\/div>[\/vc_column][vc_column width=\u00bb1\/4&#8243; css=\u00bb.vc_custom_1573071957238{padding-top: 1px !important;padding-right: 1px !important;padding-bottom: 1px !important;padding-left: 1px !important;}\u00bb]<div id='rb_service_69d42534c1cc9' class='rb_service_module style_icon_top shape_none hover_color '><div class='service_image_wrapper'><img src='https:\/\/mytcabogados.com\/wp-content\/uploads\/2019\/11\/contratos-civiles.png' alt='' \/><\/div><div class=\"service_content_wrapper\"><h4 class=\"service_title\">CONTRATACI\u00d3N CIVIL Y COMERCIAL<\/h4><\/div><\/div><div id='rb_service_69d42534c1f70' class='rb_service_module style_icon_top shape_none hover_color '><div class='service_image_wrapper'><img src='https:\/\/mytcabogados.com\/wp-content\/uploads\/2019\/11\/cobranzas-y-call-center.png' alt='' \/><\/div><div class=\"service_content_wrapper\"><h4 class=\"service_title\">RECUPERACI\u00d3N EXTRAJUDICIAL<\/h4><\/div><\/div>[\/vc_column][vc_column width=\u00bb1\/4&#8243; css=\u00bb.vc_custom_1573071969828{padding-top: 1px !important;padding-right: 1px !important;padding-bottom: 1px !important;padding-left: 1px !important;}\u00bb]<div id='rb_service_69d42534c20a7' class='rb_service_module style_icon_top shape_none hover_color '><div class='service_image_wrapper'><img src='https:\/\/mytcabogados.com\/wp-content\/uploads\/2019\/11\/cobranzas-y-call-center.png' alt='' \/><\/div><div class=\"service_content_wrapper\"><h4 class=\"service_title\">SANEAMIENTO LEGAL<\/h4><\/div><\/div>[\/vc_column][\/vc_row][vc_row full_width=\u00bbstretch_row\u00bb css=\u00bb.vc_custom_1573072380190{padding-top: 50px !important;padding-bottom: 50px !important;background-color: #2d392f !important;}\u00bb][vc_column width=\u00bb1\/2&#8243;][vc_single_image image=\u00bb55&#8243; img_size=\u00bb597&#215;428&#8243; css=\u00bb.vc_custom_1573072704814{margin-top: -180px !important;}\u00bb][\/vc_column][vc_column width=\u00bb1\/2&#8243;][vc_column_text]<\/p>\n<h3><span style=\"color: #d8cd80;\">30 A\u00d1OS<\/span><br \/>\n<span style=\"color: #ffffff;\">DE EXPERIENCIA<\/span><\/h3>\n<p><span style=\"color: #ffffff;\">Brindando asesor\u00eda legal de primer nivel en<\/span><br \/>\n<span style=\"color: #ffffff;\">asuntos legales que enfrentar<\/span><\/p>\n<p><a href=\"http:\/\/mytcabogados.com\/index.php\/nosotros\/\"><span style=\"text-decoration: underline;\"><span style=\"color: #ffffff; text-decoration: underline;\">CON\u00d3CENOS&gt;&gt;<\/span><\/span><\/a>[\/vc_column_text][\/vc_column][\/vc_row][vc_row full_width=\u00bbstretch_row\u00bb css=\u00bb.vc_custom_1573073872859{padding-top: 80px !important;padding-bottom: 80px !important;background-image: url(http:\/\/mytcabogados.com\/wp-content\/uploads\/2019\/11\/b4-bg.jpg?id=67) !important;}\u00bb][vc_column width=\u00bb1\/2&#8243;][vc_column_text]<\/p>\n<table style=\"height: 54px; width: 99.4735%; border-collapse: collapse; border-style: hidden;\">\n<tbody>\n<tr style=\"height: 22px;\">\n<td style=\"width: 100%; height: 22px; text-align: left;\"><\/td>\n<\/tr>\n<tr style=\"height: 32px;\">\n<td style=\"width: 100%; height: 32px; text-align: left;\">\n<h2><span style=\"color: #2d392f;\"><strong>SERVICIO LEGAL<br \/>\n<span style=\"color: #d8cd80;\">CON RESPONSABILIDAD<\/span><br \/>\n<span style=\"color: #d8cd80;\">SOCIAL<\/span><\/strong><\/span><\/h2>\n<\/td>\n<\/tr>\n<\/tbody>\n<\/table>\n<p>[\/vc_column_text][vc_column_text]<\/p>\n<p style=\"text-align: justify;\">Prestamos asesor\u00eda gratuita a personas de escasos recursos, a fin de que accedan al sistema de justicia en b\u00fasqueda de resoluci\u00f3n de situaciones de conflicto, de manera equitativa y fomentando la confianza en las instituciones jur\u00eddicas.<\/p>\n<p>[\/vc_column_text][\/vc_column][vc_column width=\u00bb1\/2&#8243;][vc_single_image image=\u00bb68&#8243; img_size=\u00bb626X694&#8243;][\/vc_column][\/vc_row]<\/p>\n","protected":false},"excerpt":{"rendered":"<p>[vc_row][vc_column][vc_column_text] \u00c1REAS DE ESPECIALIDAD [\/vc_column_text][\/vc_column][\/vc_row][vc_row full_width=\u00bbstretch_row_content_no_spaces\u00bb css=\u00bb.vc_custom_1573072696989{padding-bottom: 220px !important;}\u00bb][vc_column width=\u00bb1\/4&#8243; css=\u00bb.vc_custom_1573071962228{padding-top: 1px !important;padding-right: 1px !important;padding-bottom: 1px !important;padding-left: 1px !important;}\u00bb][\/vc_column][vc_column width=\u00bb1\/4&#8243; css=\u00bb.vc_custom_1573071947536{padding-top: 1px !important;padding-right: 1px !important;padding-bottom: 1px !important;padding-left: 1px !important;}\u00bb][\/vc_column][vc_column width=\u00bb1\/4&#8243; css=\u00bb.vc_custom_1573071957238{padding-top: 1px !important;padding-right: 1px !important;padding-bottom: 1px !important;padding-left: 1px !important;}\u00bb][\/vc_column][vc_column width=\u00bb1\/4&#8243; css=\u00bb.vc_custom_1573071969828{padding-top: 1px !important;padding-right: 1px !important;padding-bottom: 1px !important;padding-left: 1px !important;}\u00bb][\/vc_column][\/vc_row][vc_row full_width=\u00bbstretch_row\u00bb css=\u00bb.vc_custom_1573072380190{padding-top: 50px !important;padding-bottom: 50px !important;background-color: [&hellip;]<\/p>\n","protected":false},"author":1,"featured_media":0,"parent":0,"menu_order":0,"comment_status":"closed","ping_status":"closed","template":"","meta":{"footnotes":""},"class_list":["post-15","page","type-page","status-publish","hentry"],"_links":{"self":[{"href":"https:\/\/mytcabogados.com\/index.php\/wp-json\/wp\/v2\/pages\/15","targetHints":{"allow":["GET"]}}],"collection":[{"href":"https:\/\/mytcabogados.com\/index.php\/wp-json\/wp\/v2\/pages"}],"about":[{"href":"https:\/\/mytcabogados.com\/index.php\/wp-json\/wp\/v2\/types\/page"}],"author":[{"embeddable":true,"href":"https:\/\/mytcabogados.com\/index.php\/wp-json\/wp\/v2\/users\/1"}],"replies":[{"embeddable":true,"href":"https:\/\/mytcabogados.com\/index.php\/wp-json\/wp\/v2\/comments?post=15"}],"version-history":[{"count":58,"href":"https:\/\/mytcabogados.com\/index.php\/wp-json\/wp\/v2\/pages\/15\/revisions"}],"predecessor-version":[{"id":556,"href":"https:\/\/mytcabogados.com\/index.php\/wp-json\/wp\/v2\/pages\/15\/revisions\/556"}],"wp:attachment":[{"href":"https:\/\/mytcabogados.com\/index.php\/wp-json\/wp\/v2\/media?parent=15"}],"curies":[{"name":"wp","href":"https:\/\/api.w.org\/{rel}","templated":true}]}}